{"id":24830,"date":"2020-07-01T13:29:38","date_gmt":"2020-07-01T13:29:38","guid":{"rendered":"https:\/\/relaunch.deutschland-nederland.eu\/?page_id=24830"},"modified":"2023-04-18T15:26:30","modified_gmt":"2023-04-18T13:26:30","slug":"links","status":"publish","type":"page","link":"https:\/\/interregv.deutschland-nederland.eu\/nl\/service\/links\/","title":{"rendered":"Links"},"content":{"rendered":"<h2>Programmapartners<\/h2>\n<ul>\n<li><a href=\"http:\/\/www.wirtschaft.nrw.de\/\" target=\"_blank\" rel=\"noopener noreferrer\">Ministerium f\u00fcr Wirtschaft, Innovation, Digitalisierung und Energie des Landes NRW<\/a><\/li>\n<li><a href=\"https:\/\/www.rijksoverheid.nl\/ministeries\/ministerie-van-economische-zaken\" target=\"_blank\" rel=\"noopener noreferrer\">Ministerie van Economische Zaken\u00a0en\u00a0Klimaat<\/a><\/li>\n<li><a href=\"https:\/\/www.mb.niedersachsen.de\/startseite\/\" target=\"_blank\" rel=\"noopener noreferrer\">Ministerium f\u00fcr Bundes- und Europaangelegenheiten und Regionale Entwicklung<\/a><\/li>\n<\/ul>\n<ul>\n<li><a href=\"http:\/\/www.fryslan.nl\/\" target=\"_blank\" rel=\"noopener noreferrer\">Provincie Frysl\u00e2n<\/a><\/li>\n<li><a href=\"http:\/\/www.provinciegroningen.nl\/\" target=\"_blank\" rel=\"noopener noreferrer\">Provincie Groningen<\/a><\/li>\n<li><a href=\"http:\/\/www.drenthe.nl\/algemene_onderdelen\/talen\/deutsch\/\" target=\"_blank\" rel=\"noopener noreferrer\">Provincie Drenthe<\/a><\/li>\n<li><a href=\"http:\/\/www.flevoland.nl\">Provincie Flevoland<\/a><\/li>\n<li><a href=\"http:\/\/provincie.overijssel.nl\/headerbalk\/international_0\/deutsch\" target=\"_blank\" rel=\"noopener noreferrer\">Provincie Overijssel<\/a><\/li>\n<li><a href=\"http:\/\/www.gelderland.nl\/\" target=\"_blank\" rel=\"noopener noreferrer\">Provincie Gelderland<\/a><\/li>\n<li><a href=\"http:\/\/www.limburg.nl\/\" target=\"_blank\" rel=\"noopener noreferrer\">Provincie Limburg<\/a><\/li>\n<li><a href=\"http:\/\/www.brabant.nl\/\" target=\"_blank\" rel=\"noopener noreferrer\">Provincie Noord-Brabant<\/a><\/li>\n<\/ul>\n<ul>\n<li><a href=\"http:\/\/www.edr.eu\/\" target=\"_blank\" rel=\"noopener noreferrer\">Ems Dollard Region<\/a><\/li>\n<li><a href=\"http:\/\/www.euregio.de\/\" target=\"_blank\" rel=\"noopener noreferrer\">EUREGIO<\/a><\/li>\n<li><a href=\"http:\/\/www.euregio.org\/\" target=\"_blank\" rel=\"noopener noreferrer\">Euregio Rhein-Waal<\/a><\/li>\n<li><a href=\"http:\/\/www.euregio-rmn.de\/\" target=\"_blank\" rel=\"noopener noreferrer\">euregio rhein-maas-nord<\/a><\/li>\n<\/ul>\n<ul>\n<li><a href=\"http:\/\/www.brd.nrw.de\/\" target=\"_blank\" rel=\"noopener noreferrer\">Bezirksregierung D\u00fcsseldorf<\/a><\/li>\n<li><a href=\"http:\/\/www.bezreg-muenster.nrw.de\/\" target=\"_blank\" rel=\"noopener noreferrer\">Bezirksregierung M\u00fcnster<\/a><\/li>\n<li><a href=\"http:\/\/www.arl-we.niedersachsen.de\/startseite\/\" target=\"_blank\" rel=\"noopener noreferrer\">Amt f\u00fcr regionale Landesentwicklung Weser-Ems<\/a><\/li>\n<\/ul>\n<h2>Andere INTERREG-Programma&#8217;s<\/h2>\n<ul>\n<li><a href=\"http:\/\/www.nweurope.eu\" target=\"_blank\" rel=\"noopener noreferrer\">Transnationaal\u00a0programma Noordwest-Europa (INTERREG B NWE)<\/a><\/li>\n<li><a href=\"http:\/\/www.northsearegion.eu\/\" target=\"_blank\" rel=\"noopener noreferrer\">Transnationaal\u00a0programma Noordzee (INTERREG B North Sea Region)<\/a><\/li>\n<li><a href=\"http:\/\/www.interregeurope.eu\" target=\"_blank\" rel=\"noopener noreferrer\">Interregionaal\u00a0programma voor geheel Europa (INTERREG EUROPE)<\/a><\/li>\n<li><a href=\"http:\/\/www.grensregio.eu\/\" target=\"_blank\" rel=\"noopener noreferrer\">Programma\u00a0Vlaanderen &#8211; Nederland<\/a><\/li>\n<li><a href=\"http:\/\/www.interregemr.info\/index.html\" target=\"_blank\" rel=\"noopener noreferrer\">Programma Euregio Maas-Rijn (Belgi\u00eb &#8211; Nederland &#8211; Duitsland)<\/a><\/li>\n<li><a href=\"http:\/\/www.interreg-oberrhein.eu\/\" target=\"_blank\" rel=\"noopener noreferrer\">Programma Frankrijk &#8211; Duitsland &#8211; Zwitserland<\/a><\/li>\n<li><a href=\"http:\/\/www.interreg5a.de\" target=\"_blank\" rel=\"noopener noreferrer\">Programma Duitsland &#8211; Denemarken<\/a><\/li>\n<li><a href=\"http:\/\/www.interreg.org\/\" target=\"_blank\" rel=\"noopener noreferrer\">Programma Duitsland &#8211;\u00a0Zwitserland &#8211; Liechtenstein &#8211; Oostenrijk<\/a><\/li>\n<li><a href=\"http:\/\/www.interreg-oks.eu\/\" target=\"_blank\" rel=\"noopener noreferrer\">Programma Denemarken &#8211; Noorwegen &#8211; Zweden<\/a><\/li>\n<li><a href=\"http:\/\/www.interreg.net\/\" target=\"_blank\" rel=\"noopener noreferrer\">Programma Itali\u00eb &#8211; Oostenrijk<\/a><\/li>\n<li><a href=\"http:\/\/www.centralbaltic.eu\/\" target=\"_blank\" rel=\"noopener noreferrer\">Programma Finland &#8211; Estland &#8211; Letland &#8211; Zweden<\/a><\/li>\n<\/ul>\n<h2>Europese Unie<\/h2>\n<ul>\n<li><a href=\"http:\/\/europa.eu\/\" target=\"_blank\" rel=\"noopener noreferrer\">Algemene informatie<\/a><\/li>\n<li><a href=\"http:\/\/ec.europa.eu\/\" target=\"_blank\" rel=\"noopener noreferrer\">Europese Commissie<\/a><\/li>\n<li><a href=\"http:\/\/www.europarl.europa.eu\/\" target=\"_blank\" rel=\"noopener noreferrer\">Europees Parlement<\/a><\/li>\n<li><a href=\"http:\/\/www.cor.europa.eu\/\" target=\"_blank\" rel=\"noopener noreferrer\">Comit\u00e9 van de Regio&#8217;s<\/a><\/li>\n<li><a href=\"http:\/\/ec.europa.eu\/regional_policy\/\" target=\"_blank\" rel=\"noopener noreferrer\">DG regionaal beleid &#8211; Inforegio<\/a><\/li>\n<li><a href=\"http:\/\/www.interact-eu.net\/\" target=\"_blank\" rel=\"noopener noreferrer\">INTERACT<\/a><\/li>\n<li><a href=\"http:\/\/www.aebr.net\/\" target=\"_blank\" rel=\"noopener noreferrer\">Werkgemeenschap van Europese Grensregio&#8217;s (AEBR)<\/a><\/li>\n<\/ul>\n<h2>Handige communicatietools<\/h2>\n<ul>\n<li><a href=\"https:\/\/learning.interact-eu.net\/\" target=\"_blank\" rel=\"noopener\">Interact Online Courses<\/a><\/li>\n<li><a href=\"https:\/\/resoomer.com\/en\/\" target=\"_blank\" rel=\"noopener\">Resoomer<\/a><\/li>\n<li><a href=\"https:\/\/www.canva.com\/de_de\/\" target=\"_blank\" rel=\"noopener\">Canva<\/a><\/li>\n<\/ul>\n","protected":false},"excerpt":{"rendered":"<p>Programmapartners Ministerium f\u00fcr Wirtschaft, Innovation, Digitalisierung und Energie des Landes NRW Ministerie van Economische Zaken\u00a0en\u00a0Klimaat Ministerium f\u00fcr Bundes- und Europaangelegenheiten und Regionale Entwicklung Provincie Frysl\u00e2n Provincie Groningen Provincie Drenthe Provincie Flevoland Provincie Overijssel Provincie Gelderland Provincie Limburg Provincie Noord-Brabant Ems Dollard Region EUREGIO Euregio Rhein-Waal euregio rhein-maas-nord Bezirksregierung D\u00fcsseldorf Bezirksregierung M\u00fcnster Amt f\u00fcr regionale Landesentwicklung <a href=\"https:\/\/interregv.deutschland-nederland.eu\/nl\/service\/links\/\" class=\"more-link\">&#8230;<\/a><\/p>\n","protected":false},"author":3,"featured_media":24833,"parent":26301,"menu_order":0,"comment_status":"closed","ping_status":"closed","template":"","meta":[],"acf":[],"yoast_head":"<!-- This site is optimized with the Yoast SEO plugin v20.10 - https:\/\/yoast.com\/wordpress\/plugins\/seo\/ -->\n<title>Links - INTERREG<\/title>\n<meta name=\"robots\" content=\"index, follow, max-snippet:-1, max-image-preview:large, max-video-preview:-1\" \/>\n<link rel=\"canonical\" href=\"https:\/\/interregv.deutschland-nederland.eu\/nl\/service\/links\/\" \/>\n<meta property=\"og:locale\" content=\"nl_NL\" \/>\n<meta property=\"og:type\" content=\"article\" \/>\n<meta property=\"og:title\" content=\"Links - INTERREG\" \/>\n<meta property=\"og:description\" content=\"Programmapartners Ministerium f\u00fcr Wirtschaft, Innovation, Digitalisierung und Energie des Landes NRW Ministerie van Economische Zaken\u00a0en\u00a0Klimaat Ministerium f\u00fcr Bundes- und Europaangelegenheiten und Regionale Entwicklung Provincie Frysl\u00e2n Provincie Groningen Provincie Drenthe Provincie Flevoland Provincie Overijssel Provincie Gelderland Provincie Limburg Provincie Noord-Brabant Ems Dollard Region EUREGIO Euregio Rhein-Waal euregio rhein-maas-nord Bezirksregierung D\u00fcsseldorf Bezirksregierung M\u00fcnster Amt f\u00fcr regionale Landesentwicklung ...\" \/>\n<meta property=\"og:url\" content=\"https:\/\/interregv.deutschland-nederland.eu\/nl\/service\/links\/\" \/>\n<meta property=\"og:site_name\" content=\"INTERREG\" \/>\n<meta property=\"article:modified_time\" content=\"2023-04-18T13:26:30+00:00\" \/>\n<meta property=\"og:image\" content=\"https:\/\/interregv.deutschland-nederland.eu\/wp-content\/uploads\/2020\/07\/figures-10106781-scaled-1.jpg\" \/>\n\t<meta property=\"og:image:width\" content=\"2560\" \/>\n\t<meta property=\"og:image:height\" content=\"1707\" \/>\n\t<meta property=\"og:image:type\" content=\"image\/jpeg\" \/>\n<meta name=\"twitter:card\" content=\"summary_large_image\" \/>\n<meta name=\"twitter:label1\" content=\"Geschatte leestijd\" \/>\n\t<meta name=\"twitter:data1\" content=\"1 minuut\" \/>\n<script type=\"application\/ld+json\" class=\"yoast-schema-graph\">{\"@context\":\"https:\/\/schema.org\",\"@graph\":[{\"@type\":\"WebPage\",\"@id\":\"https:\/\/interregv.deutschland-nederland.eu\/nl\/service\/links\/\",\"url\":\"https:\/\/interregv.deutschland-nederland.eu\/nl\/service\/links\/\",\"name\":\"Links - INTERREG\",\"isPartOf\":{\"@id\":\"https:\/\/interregv.deutschland-nederland.eu\/nl\/#website\"},\"datePublished\":\"2020-07-01T13:29:38+00:00\",\"dateModified\":\"2023-04-18T13:26:30+00:00\",\"breadcrumb\":{\"@id\":\"https:\/\/interregv.deutschland-nederland.eu\/nl\/service\/links\/#breadcrumb\"},\"inLanguage\":\"nl-NL\",\"potentialAction\":[{\"@type\":\"ReadAction\",\"target\":[\"https:\/\/interregv.deutschland-nederland.eu\/nl\/service\/links\/\"]}]},{\"@type\":\"BreadcrumbList\",\"@id\":\"https:\/\/interregv.deutschland-nederland.eu\/nl\/service\/links\/#breadcrumb\",\"itemListElement\":[{\"@type\":\"ListItem\",\"position\":1,\"name\":\"Home\",\"item\":\"https:\/\/interregv.deutschland-nederland.eu\/nl\/\"},{\"@type\":\"ListItem\",\"position\":2,\"name\":\"Service\",\"item\":\"https:\/\/interregv.deutschland-nederland.eu\/nl\/service\/\"},{\"@type\":\"ListItem\",\"position\":3,\"name\":\"Links\"}]},{\"@type\":\"WebSite\",\"@id\":\"https:\/\/interregv.deutschland-nederland.eu\/nl\/#website\",\"url\":\"https:\/\/interregv.deutschland-nederland.eu\/nl\/\",\"name\":\"INTERREG\",\"description\":\"Deutschland-Nederland\",\"potentialAction\":[{\"@type\":\"SearchAction\",\"target\":{\"@type\":\"EntryPoint\",\"urlTemplate\":\"https:\/\/interregv.deutschland-nederland.eu\/nl\/?s={search_term_string}\"},\"query-input\":\"required name=search_term_string\"}],\"inLanguage\":\"nl-NL\"}]}<\/script>\n<!-- \/ Yoast SEO plugin. -->","yoast_head_json":{"title":"Links - INTERREG","robots":{"index":"index","follow":"follow","max-snippet":"max-snippet:-1","max-image-preview":"max-image-preview:large","max-video-preview":"max-video-preview:-1"},"canonical":"https:\/\/interregv.deutschland-nederland.eu\/nl\/service\/links\/","og_locale":"nl_NL","og_type":"article","og_title":"Links - INTERREG","og_description":"Programmapartners Ministerium f\u00fcr Wirtschaft, Innovation, Digitalisierung und Energie des Landes NRW Ministerie van Economische Zaken\u00a0en\u00a0Klimaat Ministerium f\u00fcr Bundes- und Europaangelegenheiten und Regionale Entwicklung Provincie Frysl\u00e2n Provincie Groningen Provincie Drenthe Provincie Flevoland Provincie Overijssel Provincie Gelderland Provincie Limburg Provincie Noord-Brabant Ems Dollard Region EUREGIO Euregio Rhein-Waal euregio rhein-maas-nord Bezirksregierung D\u00fcsseldorf Bezirksregierung M\u00fcnster Amt f\u00fcr regionale Landesentwicklung ...","og_url":"https:\/\/interregv.deutschland-nederland.eu\/nl\/service\/links\/","og_site_name":"INTERREG","article_modified_time":"2023-04-18T13:26:30+00:00","og_image":[{"width":2560,"height":1707,"url":"https:\/\/interregv.deutschland-nederland.eu\/wp-content\/uploads\/2020\/07\/figures-10106781-scaled-1.jpg","type":"image\/jpeg"}],"twitter_card":"summary_large_image","twitter_misc":{"Geschatte leestijd":"1 minuut"},"schema":{"@context":"https:\/\/schema.org","@graph":[{"@type":"WebPage","@id":"https:\/\/interregv.deutschland-nederland.eu\/nl\/service\/links\/","url":"https:\/\/interregv.deutschland-nederland.eu\/nl\/service\/links\/","name":"Links - INTERREG","isPartOf":{"@id":"https:\/\/interregv.deutschland-nederland.eu\/nl\/#website"},"datePublished":"2020-07-01T13:29:38+00:00","dateModified":"2023-04-18T13:26:30+00:00","breadcrumb":{"@id":"https:\/\/interregv.deutschland-nederland.eu\/nl\/service\/links\/#breadcrumb"},"inLanguage":"nl-NL","potentialAction":[{"@type":"ReadAction","target":["https:\/\/interregv.deutschland-nederland.eu\/nl\/service\/links\/"]}]},{"@type":"BreadcrumbList","@id":"https:\/\/interregv.deutschland-nederland.eu\/nl\/service\/links\/#breadcrumb","itemListElement":[{"@type":"ListItem","position":1,"name":"Home","item":"https:\/\/interregv.deutschland-nederland.eu\/nl\/"},{"@type":"ListItem","position":2,"name":"Service","item":"https:\/\/interregv.deutschland-nederland.eu\/nl\/service\/"},{"@type":"ListItem","position":3,"name":"Links"}]},{"@type":"WebSite","@id":"https:\/\/interregv.deutschland-nederland.eu\/nl\/#website","url":"https:\/\/interregv.deutschland-nederland.eu\/nl\/","name":"INTERREG","description":"Deutschland-Nederland","potentialAction":[{"@type":"SearchAction","target":{"@type":"EntryPoint","urlTemplate":"https:\/\/interregv.deutschland-nederland.eu\/nl\/?s={search_term_string}"},"query-input":"required name=search_term_string"}],"inLanguage":"nl-NL"}]}},"_links":{"self":[{"href":"https:\/\/interregv.deutschland-nederland.eu\/nl\/wp-json\/wp\/v2\/pages\/24830"}],"collection":[{"href":"https:\/\/interregv.deutschland-nederland.eu\/nl\/wp-json\/wp\/v2\/pages"}],"about":[{"href":"https:\/\/interregv.deutschland-nederland.eu\/nl\/wp-json\/wp\/v2\/types\/page"}],"author":[{"embeddable":true,"href":"https:\/\/interregv.deutschland-nederland.eu\/nl\/wp-json\/wp\/v2\/users\/3"}],"replies":[{"embeddable":true,"href":"https:\/\/interregv.deutschland-nederland.eu\/nl\/wp-json\/wp\/v2\/comments?post=24830"}],"version-history":[{"count":4,"href":"https:\/\/interregv.deutschland-nederland.eu\/nl\/wp-json\/wp\/v2\/pages\/24830\/revisions"}],"predecessor-version":[{"id":28476,"href":"https:\/\/interregv.deutschland-nederland.eu\/nl\/wp-json\/wp\/v2\/pages\/24830\/revisions\/28476"}],"up":[{"embeddable":true,"href":"https:\/\/interregv.deutschland-nederland.eu\/nl\/wp-json\/wp\/v2\/pages\/26301"}],"wp:featuredmedia":[{"embeddable":true,"href":"https:\/\/interregv.deutschland-nederland.eu\/nl\/wp-json\/wp\/v2\/media\/24833"}],"wp:attachment":[{"href":"https:\/\/interregv.deutschland-nederland.eu\/nl\/wp-json\/wp\/v2\/media?parent=24830"}],"curies":[{"name":"wp","href":"https:\/\/api.w.org\/{rel}","templated":true}]}}