{"id":26680,"date":"2020-10-26T16:43:42","date_gmt":"2020-10-26T15:43:42","guid":{"rendered":"https:\/\/www.deutschland-nederland.eu\/interreg-programma\/organisatie\/"},"modified":"2023-04-18T15:24:44","modified_gmt":"2023-04-18T13:24:44","slug":"organisatie","status":"publish","type":"page","link":"https:\/\/interregv.deutschland-nederland.eu\/nl\/interreg-programma\/organisatie\/","title":{"rendered":"Organisatie"},"content":{"rendered":"<h2>Organisatie en structuur van het programma<\/h2>\n<p>De uitvoering van het programma wordt door het <strong>Comit\u00e9 van Toezicht<\/strong>, waarin alle 14 INTERREG-partners vertegenwoordigd zijn, gecontroleerd. De <a href=\"https:\/\/interregv.deutschland-nederland.eu\/nl\/comitevantoezicht\/\" target=\"_blank\" rel=\"noopener noreferrer\">leden<\/a> van het Comit\u00e9 komen twee- tot driemaal per jaar bijeen en is het Comit\u00e9 hoogste gremium van het programma. In het Comit\u00e9 van Toezicht worden fundamentele besluiten over het programma en de programma-uitvoering genomen. De besluitvorming over projecten vindt echter plaats in vier regionale <strong>stuurgroepen<\/strong>. In de stuurgroepen zijn tevens de INTERREG-partners uit de respectievelijke regio vertegenwoordigd. Projecten binnen <a href=\"https:\/\/interregv.deutschland-nederland.eu\/ihr-interreg\/prioritaet-1\/\">prioriteit 1<\/a> worden bovendien in het <strong>Innovatie-Overleg<\/strong> besproken. In dit gremium gaat het om de programmabrede bespreking en inhoudelijke beoordeling van projecten door programmapartners en experts.<\/p>\n<p>De <strong>Managementautoriteit <\/strong>voor het INTERREG-programma Deutschland-Nederland is het ministerie van Economische Zaken van Noordrijn-Westfalen (MWIDE), dat bij de Europese Commissie verantwoording aflegt voor het programma.<\/p>\n<p>De <strong>Certificeringsautoriteit<\/strong> verricht de betalingen van alle cofinancieringsmiddelen aan de projectdragers en controleert bovendien de rechtmatige besteding van de gelden. De <strong>Beschikkende instantie<\/strong> (Bezirksregierung M\u00fcnster) geeft de offici\u00eble beschikkingen voor de projecten af. Als onafhankelijke <strong>Auditautoriteit<\/strong> fungeert het ministerie van Financi\u00ebn van Noordrijn-Westfalen, dat verantwoordelijk is voor de tweedelijnscontrole.<\/p>\n<p>De vier <strong>regionale programmamanagements<\/strong> bij de Eems Dollard Regio, de EUREGIO, de Euregio Rijn-Waal en de euregio rijn-maas-noord begeleiden de projectuitvoering. Ze doen dienst als eerste aanspreekpartner voor de projectpartners, verwerken projectaanvragen en \u2013verslagen en helpen bij het zoeken naar partners voor grensoverschrijdende projecten. De contactgegevens van de programmamanagements vindt u <a href=\"https:\/\/interregv.deutschland-nederland.eu\/nl\/service\/505-2\/\">hier<\/a>.<\/p>\n<p>Het <strong>Gemeenschappelijk INTERREG-Secretariaat<\/strong> begeleidt de uitvoering van het INTERREG-programma. Ook ondersteunt het de managementautoriteit bij het beheer van het programma en fungeert het als secretariaat van het Comit\u00e9 van Toezicht. Daarnaast verzorgt het secretariaat in overleg met de regionale programmamanagements de publiciteit voor het programma en stelt het de jaarverslagen op.<\/p>\n","protected":false},"excerpt":{"rendered":"<p>Organisatie en structuur van het programma De uitvoering van het programma wordt door het Comit\u00e9 van Toezicht, waarin alle 14 INTERREG-partners vertegenwoordigd zijn, gecontroleerd. De leden van het Comit\u00e9 komen twee- tot driemaal per jaar bijeen en is het Comit\u00e9 hoogste gremium van het programma. In het Comit\u00e9 van Toezicht worden fundamentele besluiten over het <a href=\"https:\/\/interregv.deutschland-nederland.eu\/nl\/interreg-programma\/organisatie\/\" class=\"more-link\">&#8230;<\/a><\/p>\n","protected":false},"author":22,"featured_media":26681,"parent":3939,"menu_order":0,"comment_status":"closed","ping_status":"closed","template":"","meta":[],"acf":[],"yoast_head":"<!-- This site is optimized with the Yoast SEO plugin v20.10 - https:\/\/yoast.com\/wordpress\/plugins\/seo\/ -->\n<title>Organisatie - INTERREG<\/title>\n<meta name=\"robots\" content=\"index, follow, max-snippet:-1, max-image-preview:large, max-video-preview:-1\" \/>\n<link rel=\"canonical\" href=\"https:\/\/interregv.deutschland-nederland.eu\/nl\/interreg-programma\/organisatie\/\" \/>\n<meta property=\"og:locale\" content=\"nl_NL\" \/>\n<meta property=\"og:type\" content=\"article\" \/>\n<meta property=\"og:title\" content=\"Organisatie - INTERREG\" \/>\n<meta property=\"og:description\" content=\"Organisatie en structuur van het programma De uitvoering van het programma wordt door het Comit\u00e9 van Toezicht, waarin alle 14 INTERREG-partners vertegenwoordigd zijn, gecontroleerd. De leden van het Comit\u00e9 komen twee- tot driemaal per jaar bijeen en is het Comit\u00e9 hoogste gremium van het programma. In het Comit\u00e9 van Toezicht worden fundamentele besluiten over het ...\" \/>\n<meta property=\"og:url\" content=\"https:\/\/interregv.deutschland-nederland.eu\/nl\/interreg-programma\/organisatie\/\" \/>\n<meta property=\"og:site_name\" content=\"INTERREG\" \/>\n<meta property=\"article:modified_time\" content=\"2023-04-18T13:24:44+00:00\" \/>\n<meta property=\"og:image\" content=\"https:\/\/interregv.deutschland-nederland.eu\/wp-content\/uploads\/2015\/07\/bridge-404923.jpg\" \/>\n\t<meta property=\"og:image:width\" content=\"2480\" \/>\n\t<meta property=\"og:image:height\" content=\"1753\" \/>\n\t<meta property=\"og:image:type\" content=\"image\/jpeg\" \/>\n<meta name=\"twitter:card\" content=\"summary_large_image\" \/>\n<meta name=\"twitter:label1\" content=\"Geschatte leestijd\" \/>\n\t<meta name=\"twitter:data1\" content=\"1 minuut\" \/>\n<script type=\"application\/ld+json\" class=\"yoast-schema-graph\">{\"@context\":\"https:\/\/schema.org\",\"@graph\":[{\"@type\":\"WebPage\",\"@id\":\"https:\/\/interregv.deutschland-nederland.eu\/nl\/interreg-programma\/organisatie\/\",\"url\":\"https:\/\/interregv.deutschland-nederland.eu\/nl\/interreg-programma\/organisatie\/\",\"name\":\"Organisatie - INTERREG\",\"isPartOf\":{\"@id\":\"https:\/\/interregv.deutschland-nederland.eu\/nl\/#website\"},\"datePublished\":\"2020-10-26T15:43:42+00:00\",\"dateModified\":\"2023-04-18T13:24:44+00:00\",\"breadcrumb\":{\"@id\":\"https:\/\/interregv.deutschland-nederland.eu\/nl\/interreg-programma\/organisatie\/#breadcrumb\"},\"inLanguage\":\"nl-NL\",\"potentialAction\":[{\"@type\":\"ReadAction\",\"target\":[\"https:\/\/interregv.deutschland-nederland.eu\/nl\/interreg-programma\/organisatie\/\"]}]},{\"@type\":\"BreadcrumbList\",\"@id\":\"https:\/\/interregv.deutschland-nederland.eu\/nl\/interreg-programma\/organisatie\/#breadcrumb\",\"itemListElement\":[{\"@type\":\"ListItem\",\"position\":1,\"name\":\"Home\",\"item\":\"https:\/\/interregv.deutschland-nederland.eu\/nl\/\"},{\"@type\":\"ListItem\",\"position\":2,\"name\":\"INTERREG-programma\",\"item\":\"https:\/\/interregv.deutschland-nederland.eu\/nl\/ihr-interreg\/\"},{\"@type\":\"ListItem\",\"position\":3,\"name\":\"Organisatie\"}]},{\"@type\":\"WebSite\",\"@id\":\"https:\/\/interregv.deutschland-nederland.eu\/nl\/#website\",\"url\":\"https:\/\/interregv.deutschland-nederland.eu\/nl\/\",\"name\":\"INTERREG\",\"description\":\"Deutschland-Nederland\",\"potentialAction\":[{\"@type\":\"SearchAction\",\"target\":{\"@type\":\"EntryPoint\",\"urlTemplate\":\"https:\/\/interregv.deutschland-nederland.eu\/nl\/?s={search_term_string}\"},\"query-input\":\"required name=search_term_string\"}],\"inLanguage\":\"nl-NL\"}]}<\/script>\n<!-- \/ Yoast SEO plugin. -->","yoast_head_json":{"title":"Organisatie - INTERREG","robots":{"index":"index","follow":"follow","max-snippet":"max-snippet:-1","max-image-preview":"max-image-preview:large","max-video-preview":"max-video-preview:-1"},"canonical":"https:\/\/interregv.deutschland-nederland.eu\/nl\/interreg-programma\/organisatie\/","og_locale":"nl_NL","og_type":"article","og_title":"Organisatie - INTERREG","og_description":"Organisatie en structuur van het programma De uitvoering van het programma wordt door het Comit\u00e9 van Toezicht, waarin alle 14 INTERREG-partners vertegenwoordigd zijn, gecontroleerd. De leden van het Comit\u00e9 komen twee- tot driemaal per jaar bijeen en is het Comit\u00e9 hoogste gremium van het programma. In het Comit\u00e9 van Toezicht worden fundamentele besluiten over het ...","og_url":"https:\/\/interregv.deutschland-nederland.eu\/nl\/interreg-programma\/organisatie\/","og_site_name":"INTERREG","article_modified_time":"2023-04-18T13:24:44+00:00","og_image":[{"width":2480,"height":1753,"url":"https:\/\/interregv.deutschland-nederland.eu\/wp-content\/uploads\/2015\/07\/bridge-404923.jpg","type":"image\/jpeg"}],"twitter_card":"summary_large_image","twitter_misc":{"Geschatte leestijd":"1 minuut"},"schema":{"@context":"https:\/\/schema.org","@graph":[{"@type":"WebPage","@id":"https:\/\/interregv.deutschland-nederland.eu\/nl\/interreg-programma\/organisatie\/","url":"https:\/\/interregv.deutschland-nederland.eu\/nl\/interreg-programma\/organisatie\/","name":"Organisatie - INTERREG","isPartOf":{"@id":"https:\/\/interregv.deutschland-nederland.eu\/nl\/#website"},"datePublished":"2020-10-26T15:43:42+00:00","dateModified":"2023-04-18T13:24:44+00:00","breadcrumb":{"@id":"https:\/\/interregv.deutschland-nederland.eu\/nl\/interreg-programma\/organisatie\/#breadcrumb"},"inLanguage":"nl-NL","potentialAction":[{"@type":"ReadAction","target":["https:\/\/interregv.deutschland-nederland.eu\/nl\/interreg-programma\/organisatie\/"]}]},{"@type":"BreadcrumbList","@id":"https:\/\/interregv.deutschland-nederland.eu\/nl\/interreg-programma\/organisatie\/#breadcrumb","itemListElement":[{"@type":"ListItem","position":1,"name":"Home","item":"https:\/\/interregv.deutschland-nederland.eu\/nl\/"},{"@type":"ListItem","position":2,"name":"INTERREG-programma","item":"https:\/\/interregv.deutschland-nederland.eu\/nl\/ihr-interreg\/"},{"@type":"ListItem","position":3,"name":"Organisatie"}]},{"@type":"WebSite","@id":"https:\/\/interregv.deutschland-nederland.eu\/nl\/#website","url":"https:\/\/interregv.deutschland-nederland.eu\/nl\/","name":"INTERREG","description":"Deutschland-Nederland","potentialAction":[{"@type":"SearchAction","target":{"@type":"EntryPoint","urlTemplate":"https:\/\/interregv.deutschland-nederland.eu\/nl\/?s={search_term_string}"},"query-input":"required name=search_term_string"}],"inLanguage":"nl-NL"}]}},"_links":{"self":[{"href":"https:\/\/interregv.deutschland-nederland.eu\/nl\/wp-json\/wp\/v2\/pages\/26680"}],"collection":[{"href":"https:\/\/interregv.deutschland-nederland.eu\/nl\/wp-json\/wp\/v2\/pages"}],"about":[{"href":"https:\/\/interregv.deutschland-nederland.eu\/nl\/wp-json\/wp\/v2\/types\/page"}],"author":[{"embeddable":true,"href":"https:\/\/interregv.deutschland-nederland.eu\/nl\/wp-json\/wp\/v2\/users\/22"}],"replies":[{"embeddable":true,"href":"https:\/\/interregv.deutschland-nederland.eu\/nl\/wp-json\/wp\/v2\/comments?post=26680"}],"version-history":[{"count":4,"href":"https:\/\/interregv.deutschland-nederland.eu\/nl\/wp-json\/wp\/v2\/pages\/26680\/revisions"}],"predecessor-version":[{"id":26711,"href":"https:\/\/interregv.deutschland-nederland.eu\/nl\/wp-json\/wp\/v2\/pages\/26680\/revisions\/26711"}],"up":[{"embeddable":true,"href":"https:\/\/interregv.deutschland-nederland.eu\/nl\/wp-json\/wp\/v2\/pages\/3939"}],"wp:featuredmedia":[{"embeddable":true,"href":"https:\/\/interregv.deutschland-nederland.eu\/nl\/wp-json\/wp\/v2\/media\/26681"}],"wp:attachment":[{"href":"https:\/\/interregv.deutschland-nederland.eu\/nl\/wp-json\/wp\/v2\/media?parent=26680"}],"curies":[{"name":"wp","href":"https:\/\/api.w.org\/{rel}","templated":true}]}}