{"id":3847,"date":"2015-11-05T16:09:03","date_gmt":"2015-11-05T15:09:03","guid":{"rendered":"https:\/\/www.deutschland-nederland.eu\/?page_id=3847"},"modified":"2023-04-18T15:24:13","modified_gmt":"2023-04-18T13:24:13","slug":"projektfinanzierung","status":"publish","type":"page","link":"https:\/\/interregv.deutschland-nederland.eu\/nl\/projekt-starten\/projektfinanzierung\/","title":{"rendered":"Projektfinanzierung"},"content":{"rendered":"<h1>Projektfinanzierung<\/h1>\n<p>Die Finanzierung eines Projekts, das im Rahmen des INTERREG-Programms Deutschland-Nederland durchgef\u00fchrt wird, besteht in der Regel aus drei S\u00e4ulen:<\/p>\n<ul>\n<li><strong>Eigenbeitrag<\/strong> der Projektpartner: Ein Teil der Projektkosten muss von den Partnern selber aufgebracht werden.<\/li>\n<li><strong>EU-Mittel<\/strong> aus dem Europ\u00e4ischen Fonds f\u00fcr regionale Entwicklung (EFRE): Maximal 50 Prozent der Projektkosten k\u00f6nnen daraus finanziert werden.<\/li>\n<li><strong>F\u00f6rdermittel von nationalen Kofinanziers<\/strong>: Ministerien und Provinzen halten ebenfalls F\u00f6rdermittel f\u00fcr INTERREG-Projekte bereit. Damit kann ein Teil der Projektkosten finanziert werden.<\/li>\n<\/ul>\n","protected":false},"excerpt":{"rendered":"<p>Projektfinanzierung Die Finanzierung eines Projekts, das im Rahmen des INTERREG-Programms Deutschland-Nederland durchgef\u00fchrt wird, besteht in der Regel aus drei S\u00e4ulen: Eigenbeitrag der Projektpartner: Ein Teil der Projektkosten muss von den Partnern selber aufgebracht werden. EU-Mittel aus dem Europ\u00e4ischen Fonds f\u00fcr regionale Entwicklung (EFRE): Maximal 50 Prozent der Projektkosten k\u00f6nnen daraus finanziert werden. F\u00f6rdermittel von nationalen <a href=\"https:\/\/interregv.deutschland-nederland.eu\/nl\/projekt-starten\/projektfinanzierung\/\" class=\"more-link\">&#8230;<\/a><\/p>\n","protected":false},"author":3,"featured_media":4303,"parent":105,"menu_order":0,"comment_status":"closed","ping_status":"closed","template":"","meta":[],"acf":[],"yoast_head":"<!-- This site is optimized with the Yoast SEO plugin v20.10 - https:\/\/yoast.com\/wordpress\/plugins\/seo\/ -->\n<title>Projektfinanzierung - INTERREG<\/title>\n<meta name=\"robots\" content=\"index, follow, max-snippet:-1, max-image-preview:large, max-video-preview:-1\" \/>\n<link rel=\"canonical\" href=\"https:\/\/interregv.deutschland-nederland.eu\/nl\/projekt-starten\/projektfinanzierung\/\" \/>\n<meta property=\"og:locale\" content=\"nl_NL\" \/>\n<meta property=\"og:type\" content=\"article\" \/>\n<meta property=\"og:title\" content=\"Projektfinanzierung - INTERREG\" \/>\n<meta property=\"og:description\" content=\"Projektfinanzierung Die Finanzierung eines Projekts, das im Rahmen des INTERREG-Programms Deutschland-Nederland durchgef\u00fchrt wird, besteht in der Regel aus drei S\u00e4ulen: Eigenbeitrag der Projektpartner: Ein Teil der Projektkosten muss von den Partnern selber aufgebracht werden. EU-Mittel aus dem Europ\u00e4ischen Fonds f\u00fcr regionale Entwicklung (EFRE): Maximal 50 Prozent der Projektkosten k\u00f6nnen daraus finanziert werden. F\u00f6rdermittel von nationalen ...\" \/>\n<meta property=\"og:url\" content=\"https:\/\/interregv.deutschland-nederland.eu\/nl\/projekt-starten\/projektfinanzierung\/\" \/>\n<meta property=\"og:site_name\" content=\"INTERREG\" \/>\n<meta property=\"article:modified_time\" content=\"2023-04-18T13:24:13+00:00\" \/>\n<meta property=\"og:image\" content=\"https:\/\/interregv.deutschland-nederland.eu\/wp-content\/uploads\/2015\/11\/bookkeeping-615384-scaled.jpg\" \/>\n\t<meta property=\"og:image:width\" content=\"2560\" \/>\n\t<meta property=\"og:image:height\" content=\"1700\" \/>\n\t<meta property=\"og:image:type\" content=\"image\/jpeg\" \/>\n<meta name=\"twitter:card\" content=\"summary_large_image\" \/>\n<script type=\"application\/ld+json\" class=\"yoast-schema-graph\">{\"@context\":\"https:\/\/schema.org\",\"@graph\":[{\"@type\":\"WebPage\",\"@id\":\"https:\/\/interregv.deutschland-nederland.eu\/nl\/projekt-starten\/projektfinanzierung\/\",\"url\":\"https:\/\/interregv.deutschland-nederland.eu\/nl\/projekt-starten\/projektfinanzierung\/\",\"name\":\"Projektfinanzierung - INTERREG\",\"isPartOf\":{\"@id\":\"https:\/\/interregv.deutschland-nederland.eu\/nl\/#website\"},\"datePublished\":\"2015-11-05T15:09:03+00:00\",\"dateModified\":\"2023-04-18T13:24:13+00:00\",\"breadcrumb\":{\"@id\":\"https:\/\/interregv.deutschland-nederland.eu\/nl\/projekt-starten\/projektfinanzierung\/#breadcrumb\"},\"inLanguage\":\"nl-NL\",\"potentialAction\":[{\"@type\":\"ReadAction\",\"target\":[\"https:\/\/interregv.deutschland-nederland.eu\/nl\/projekt-starten\/projektfinanzierung\/\"]}]},{\"@type\":\"BreadcrumbList\",\"@id\":\"https:\/\/interregv.deutschland-nederland.eu\/nl\/projekt-starten\/projektfinanzierung\/#breadcrumb\",\"itemListElement\":[{\"@type\":\"ListItem\",\"position\":1,\"name\":\"Home\",\"item\":\"https:\/\/interregv.deutschland-nederland.eu\/nl\/\"},{\"@type\":\"ListItem\",\"position\":2,\"name\":\"Eigenes Projekt Starten\",\"item\":\"https:\/\/interregv.deutschland-nederland.eu\/nl\/projekt-starten\/\"},{\"@type\":\"ListItem\",\"position\":3,\"name\":\"Projektfinanzierung\"}]},{\"@type\":\"WebSite\",\"@id\":\"https:\/\/interregv.deutschland-nederland.eu\/nl\/#website\",\"url\":\"https:\/\/interregv.deutschland-nederland.eu\/nl\/\",\"name\":\"INTERREG\",\"description\":\"Deutschland-Nederland\",\"potentialAction\":[{\"@type\":\"SearchAction\",\"target\":{\"@type\":\"EntryPoint\",\"urlTemplate\":\"https:\/\/interregv.deutschland-nederland.eu\/nl\/?s={search_term_string}\"},\"query-input\":\"required name=search_term_string\"}],\"inLanguage\":\"nl-NL\"}]}<\/script>\n<!-- \/ Yoast SEO plugin. -->","yoast_head_json":{"title":"Projektfinanzierung - INTERREG","robots":{"index":"index","follow":"follow","max-snippet":"max-snippet:-1","max-image-preview":"max-image-preview:large","max-video-preview":"max-video-preview:-1"},"canonical":"https:\/\/interregv.deutschland-nederland.eu\/nl\/projekt-starten\/projektfinanzierung\/","og_locale":"nl_NL","og_type":"article","og_title":"Projektfinanzierung - INTERREG","og_description":"Projektfinanzierung Die Finanzierung eines Projekts, das im Rahmen des INTERREG-Programms Deutschland-Nederland durchgef\u00fchrt wird, besteht in der Regel aus drei S\u00e4ulen: Eigenbeitrag der Projektpartner: Ein Teil der Projektkosten muss von den Partnern selber aufgebracht werden. EU-Mittel aus dem Europ\u00e4ischen Fonds f\u00fcr regionale Entwicklung (EFRE): Maximal 50 Prozent der Projektkosten k\u00f6nnen daraus finanziert werden. F\u00f6rdermittel von nationalen ...","og_url":"https:\/\/interregv.deutschland-nederland.eu\/nl\/projekt-starten\/projektfinanzierung\/","og_site_name":"INTERREG","article_modified_time":"2023-04-18T13:24:13+00:00","og_image":[{"width":2560,"height":1700,"url":"https:\/\/interregv.deutschland-nederland.eu\/wp-content\/uploads\/2015\/11\/bookkeeping-615384-scaled.jpg","type":"image\/jpeg"}],"twitter_card":"summary_large_image","schema":{"@context":"https:\/\/schema.org","@graph":[{"@type":"WebPage","@id":"https:\/\/interregv.deutschland-nederland.eu\/nl\/projekt-starten\/projektfinanzierung\/","url":"https:\/\/interregv.deutschland-nederland.eu\/nl\/projekt-starten\/projektfinanzierung\/","name":"Projektfinanzierung - INTERREG","isPartOf":{"@id":"https:\/\/interregv.deutschland-nederland.eu\/nl\/#website"},"datePublished":"2015-11-05T15:09:03+00:00","dateModified":"2023-04-18T13:24:13+00:00","breadcrumb":{"@id":"https:\/\/interregv.deutschland-nederland.eu\/nl\/projekt-starten\/projektfinanzierung\/#breadcrumb"},"inLanguage":"nl-NL","potentialAction":[{"@type":"ReadAction","target":["https:\/\/interregv.deutschland-nederland.eu\/nl\/projekt-starten\/projektfinanzierung\/"]}]},{"@type":"BreadcrumbList","@id":"https:\/\/interregv.deutschland-nederland.eu\/nl\/projekt-starten\/projektfinanzierung\/#breadcrumb","itemListElement":[{"@type":"ListItem","position":1,"name":"Home","item":"https:\/\/interregv.deutschland-nederland.eu\/nl\/"},{"@type":"ListItem","position":2,"name":"Eigenes Projekt Starten","item":"https:\/\/interregv.deutschland-nederland.eu\/nl\/projekt-starten\/"},{"@type":"ListItem","position":3,"name":"Projektfinanzierung"}]},{"@type":"WebSite","@id":"https:\/\/interregv.deutschland-nederland.eu\/nl\/#website","url":"https:\/\/interregv.deutschland-nederland.eu\/nl\/","name":"INTERREG","description":"Deutschland-Nederland","potentialAction":[{"@type":"SearchAction","target":{"@type":"EntryPoint","urlTemplate":"https:\/\/interregv.deutschland-nederland.eu\/nl\/?s={search_term_string}"},"query-input":"required name=search_term_string"}],"inLanguage":"nl-NL"}]}},"_links":{"self":[{"href":"https:\/\/interregv.deutschland-nederland.eu\/nl\/wp-json\/wp\/v2\/pages\/3847"}],"collection":[{"href":"https:\/\/interregv.deutschland-nederland.eu\/nl\/wp-json\/wp\/v2\/pages"}],"about":[{"href":"https:\/\/interregv.deutschland-nederland.eu\/nl\/wp-json\/wp\/v2\/types\/page"}],"author":[{"embeddable":true,"href":"https:\/\/interregv.deutschland-nederland.eu\/nl\/wp-json\/wp\/v2\/users\/3"}],"replies":[{"embeddable":true,"href":"https:\/\/interregv.deutschland-nederland.eu\/nl\/wp-json\/wp\/v2\/comments?post=3847"}],"version-history":[{"count":1,"href":"https:\/\/interregv.deutschland-nederland.eu\/nl\/wp-json\/wp\/v2\/pages\/3847\/revisions"}],"predecessor-version":[{"id":21026,"href":"https:\/\/interregv.deutschland-nederland.eu\/nl\/wp-json\/wp\/v2\/pages\/3847\/revisions\/21026"}],"up":[{"embeddable":true,"href":"https:\/\/interregv.deutschland-nederland.eu\/nl\/wp-json\/wp\/v2\/pages\/105"}],"wp:featuredmedia":[{"embeddable":true,"href":"https:\/\/interregv.deutschland-nederland.eu\/nl\/wp-json\/wp\/v2\/media\/4303"}],"wp:attachment":[{"href":"https:\/\/interregv.deutschland-nederland.eu\/nl\/wp-json\/wp\/v2\/media?parent=3847"}],"curies":[{"name":"wp","href":"https:\/\/api.w.org\/{rel}","templated":true}]}}