{"id":5764,"date":"2016-01-26T16:52:49","date_gmt":"2016-01-26T15:52:49","guid":{"rendered":"https:\/\/www.deutschland-nederland.eu\/nl\/?page_id=5764"},"modified":"2023-04-18T15:23:14","modified_gmt":"2023-04-18T13:23:14","slug":"comitevantoezicht","status":"publish","type":"page","link":"https:\/\/interregv.deutschland-nederland.eu\/nl\/comitevantoezicht\/","title":{"rendered":"Comit\u00e9 van Toezicht"},"content":{"rendered":"<p class=\"columnbreak\"><strong>Stemgerechtigde leden:<\/strong><\/p>\n<p><em><strong>Edwin Ouwejan<\/strong><\/em>\u00a0(Ministerie van Economische Zaken en Klimaat)<br \/>\n<em><strong>Nina Wagner<\/strong> <\/em>(Bundesministerium f\u00fcr Wirtschaft und Energie)<br \/>\n<b><i>Dr. Johannes Velling <\/i><\/b>(Ministerium f\u00fcr Wirtschaft, Innovation, Digitalisierung und Energie des Landes NRW)<br \/>\n<em><strong>Ingrid M\u00f6ller<\/strong><\/em>\u00a0(Nieders\u00e4chsisches Ministerium f\u00fcr Bundes- und Europaangelegenheiten und Regionale Entwicklung)<br \/>\n<em><strong>IJzebrand Rijzebol<\/strong><\/em>\u00a0(Provincie Groningen)<br \/>\n<b><i>Friso Douwstra <\/i><\/b>(Provincie Frysl\u00e2n)<br \/>\n<em><strong>Tjisse Stelpstra<\/strong><\/em> (Provincie Drenthe)<br \/>\n<em><strong>Eddy van Hijum<\/strong><\/em> (Provincie Overijssel)<br \/>\n<em><strong>Jan-Nico Appelman<\/strong><\/em> (Provincie Flevoland)<br \/>\n<strong><em>Helga Witjes<\/em><\/strong> (Provincie Gelderland) &#8211; voorzitter<br \/>\n<em><strong>Suzanne Otters<\/strong><\/em>\u00a0(Provincie Noord-Brabant)<br \/>\n<strong><em>Maarten van Gaans<\/em><\/strong> (Provincie Limburg)<br \/>\n<em><strong>Marc-Andr\u00e9 Burgdorf<\/strong><\/em>\u00a0(Landkreis Emsland \/ Regionale Vertretung Niedersachsen I)<br \/>\n<em><strong>Olaf Meinen<\/strong><\/em>\u00a0(Landkreis Aurich \/ Regionale Vertretung Niedersachsen II)<br \/>\n<em><strong>Gunhild Wiering<\/strong><\/em> (Bezirksregierung M\u00fcnster)<br \/>\n<em><strong>Andrea Rudovsky<\/strong><\/em> (Bezirksregierung D\u00fcsseldorf)<br \/>\n<em><strong>Matthias Groote<\/strong><\/em> (Eems Dollard Regio)<br \/>\n<em><strong>Christoph Almering<\/strong><\/em> (EUREGIO)<br \/>\n<em><strong>Hubert Bruls<\/strong><\/em> (Euregio Rijn-Waal)<br \/>\n<em><strong>Frank Meyer<\/strong><\/em> (euregio rijn\u2010maas\u2010noord)<\/p>\n<p><strong>Adviserende leden:<\/strong><\/p>\n<p><em><strong>Franz-Josef Sickelmann<\/strong><\/em> (Amt f\u00fcr regionale Landesentwicklung Weser-Ems) &#8211; vice-voorzitter<br \/>\n<em><strong>R\u00fcdiger Emler<\/strong><\/em>\u00a0(Finanzministerium NRW \/ Auditautoriteit)<br \/>\n<em><strong>Beate Grajnert<\/strong><\/em> (EU-Commissie)<br \/>\n<em><strong>Esther Seidel<\/strong> <\/em>(Certificeringsautoriteit INTERREG V A, c\/o EUREGIO)<\/p>\n","protected":false},"excerpt":{"rendered":"<p>Stemgerechtigde leden: Edwin Ouwejan\u00a0(Ministerie van Economische Zaken en Klimaat) Nina Wagner (Bundesministerium f\u00fcr Wirtschaft und Energie) Dr. Johannes Velling (Ministerium f\u00fcr Wirtschaft, Innovation, Digitalisierung und Energie des Landes NRW) Ingrid M\u00f6ller\u00a0(Nieders\u00e4chsisches Ministerium f\u00fcr Bundes- und Europaangelegenheiten und Regionale Entwicklung) IJzebrand Rijzebol\u00a0(Provincie Groningen) Friso Douwstra (Provincie Frysl\u00e2n) Tjisse Stelpstra (Provincie Drenthe) Eddy van Hijum (Provincie Overijssel) <a href=\"https:\/\/interregv.deutschland-nederland.eu\/nl\/comitevantoezicht\/\" class=\"more-link\">&#8230;<\/a><\/p>\n","protected":false},"author":3,"featured_media":26695,"parent":0,"menu_order":0,"comment_status":"closed","ping_status":"closed","template":"","meta":[],"acf":[],"yoast_head":"<!-- This site is optimized with the Yoast SEO plugin v20.10 - https:\/\/yoast.com\/wordpress\/plugins\/seo\/ -->\n<title>Comit\u00e9 van Toezicht - INTERREG<\/title>\n<meta name=\"robots\" content=\"index, follow, max-snippet:-1, max-image-preview:large, max-video-preview:-1\" \/>\n<link rel=\"canonical\" href=\"https:\/\/interregv.deutschland-nederland.eu\/nl\/comitevantoezicht\/\" \/>\n<meta property=\"og:locale\" content=\"nl_NL\" \/>\n<meta property=\"og:type\" content=\"article\" \/>\n<meta property=\"og:title\" content=\"Comit\u00e9 van Toezicht - INTERREG\" \/>\n<meta property=\"og:description\" content=\"Stemgerechtigde leden: Edwin Ouwejan\u00a0(Ministerie van Economische Zaken en Klimaat) Nina Wagner (Bundesministerium f\u00fcr Wirtschaft und Energie) Dr. Johannes Velling (Ministerium f\u00fcr Wirtschaft, Innovation, Digitalisierung und Energie des Landes NRW) Ingrid M\u00f6ller\u00a0(Nieders\u00e4chsisches Ministerium f\u00fcr Bundes- und Europaangelegenheiten und Regionale Entwicklung) IJzebrand Rijzebol\u00a0(Provincie Groningen) Friso Douwstra (Provincie Frysl\u00e2n) Tjisse Stelpstra (Provincie Drenthe) Eddy van Hijum (Provincie Overijssel) ...\" \/>\n<meta property=\"og:url\" content=\"https:\/\/interregv.deutschland-nederland.eu\/nl\/comitevantoezicht\/\" \/>\n<meta property=\"og:site_name\" content=\"INTERREG\" \/>\n<meta property=\"article:modified_time\" content=\"2023-04-18T13:23:14+00:00\" \/>\n<meta property=\"og:image\" content=\"https:\/\/interregv.deutschland-nederland.eu\/wp-content\/uploads\/2020\/10\/P1070265-scaled.jpg\" \/>\n\t<meta property=\"og:image:width\" content=\"2560\" \/>\n\t<meta property=\"og:image:height\" content=\"1707\" \/>\n\t<meta property=\"og:image:type\" content=\"image\/jpeg\" \/>\n<meta name=\"twitter:card\" content=\"summary_large_image\" \/>\n<meta name=\"twitter:label1\" content=\"Geschatte leestijd\" \/>\n\t<meta name=\"twitter:data1\" content=\"1 minuut\" \/>\n<script type=\"application\/ld+json\" class=\"yoast-schema-graph\">{\"@context\":\"https:\/\/schema.org\",\"@graph\":[{\"@type\":\"WebPage\",\"@id\":\"https:\/\/interregv.deutschland-nederland.eu\/nl\/comitevantoezicht\/\",\"url\":\"https:\/\/interregv.deutschland-nederland.eu\/nl\/comitevantoezicht\/\",\"name\":\"Comit\u00e9 van Toezicht - INTERREG\",\"isPartOf\":{\"@id\":\"https:\/\/interregv.deutschland-nederland.eu\/nl\/#website\"},\"datePublished\":\"2016-01-26T15:52:49+00:00\",\"dateModified\":\"2023-04-18T13:23:14+00:00\",\"breadcrumb\":{\"@id\":\"https:\/\/interregv.deutschland-nederland.eu\/nl\/comitevantoezicht\/#breadcrumb\"},\"inLanguage\":\"nl-NL\",\"potentialAction\":[{\"@type\":\"ReadAction\",\"target\":[\"https:\/\/interregv.deutschland-nederland.eu\/nl\/comitevantoezicht\/\"]}]},{\"@type\":\"BreadcrumbList\",\"@id\":\"https:\/\/interregv.deutschland-nederland.eu\/nl\/comitevantoezicht\/#breadcrumb\",\"itemListElement\":[{\"@type\":\"ListItem\",\"position\":1,\"name\":\"Home\",\"item\":\"https:\/\/interregv.deutschland-nederland.eu\/nl\/\"},{\"@type\":\"ListItem\",\"position\":2,\"name\":\"Comit\u00e9 van Toezicht\"}]},{\"@type\":\"WebSite\",\"@id\":\"https:\/\/interregv.deutschland-nederland.eu\/nl\/#website\",\"url\":\"https:\/\/interregv.deutschland-nederland.eu\/nl\/\",\"name\":\"INTERREG\",\"description\":\"Deutschland-Nederland\",\"potentialAction\":[{\"@type\":\"SearchAction\",\"target\":{\"@type\":\"EntryPoint\",\"urlTemplate\":\"https:\/\/interregv.deutschland-nederland.eu\/nl\/?s={search_term_string}\"},\"query-input\":\"required name=search_term_string\"}],\"inLanguage\":\"nl-NL\"}]}<\/script>\n<!-- \/ Yoast SEO plugin. -->","yoast_head_json":{"title":"Comit\u00e9 van Toezicht - INTERREG","robots":{"index":"index","follow":"follow","max-snippet":"max-snippet:-1","max-image-preview":"max-image-preview:large","max-video-preview":"max-video-preview:-1"},"canonical":"https:\/\/interregv.deutschland-nederland.eu\/nl\/comitevantoezicht\/","og_locale":"nl_NL","og_type":"article","og_title":"Comit\u00e9 van Toezicht - INTERREG","og_description":"Stemgerechtigde leden: Edwin Ouwejan\u00a0(Ministerie van Economische Zaken en Klimaat) Nina Wagner (Bundesministerium f\u00fcr Wirtschaft und Energie) Dr. Johannes Velling (Ministerium f\u00fcr Wirtschaft, Innovation, Digitalisierung und Energie des Landes NRW) Ingrid M\u00f6ller\u00a0(Nieders\u00e4chsisches Ministerium f\u00fcr Bundes- und Europaangelegenheiten und Regionale Entwicklung) IJzebrand Rijzebol\u00a0(Provincie Groningen) Friso Douwstra (Provincie Frysl\u00e2n) Tjisse Stelpstra (Provincie Drenthe) Eddy van Hijum (Provincie Overijssel) ...","og_url":"https:\/\/interregv.deutschland-nederland.eu\/nl\/comitevantoezicht\/","og_site_name":"INTERREG","article_modified_time":"2023-04-18T13:23:14+00:00","og_image":[{"width":2560,"height":1707,"url":"https:\/\/interregv.deutschland-nederland.eu\/wp-content\/uploads\/2020\/10\/P1070265-scaled.jpg","type":"image\/jpeg"}],"twitter_card":"summary_large_image","twitter_misc":{"Geschatte leestijd":"1 minuut"},"schema":{"@context":"https:\/\/schema.org","@graph":[{"@type":"WebPage","@id":"https:\/\/interregv.deutschland-nederland.eu\/nl\/comitevantoezicht\/","url":"https:\/\/interregv.deutschland-nederland.eu\/nl\/comitevantoezicht\/","name":"Comit\u00e9 van Toezicht - INTERREG","isPartOf":{"@id":"https:\/\/interregv.deutschland-nederland.eu\/nl\/#website"},"datePublished":"2016-01-26T15:52:49+00:00","dateModified":"2023-04-18T13:23:14+00:00","breadcrumb":{"@id":"https:\/\/interregv.deutschland-nederland.eu\/nl\/comitevantoezicht\/#breadcrumb"},"inLanguage":"nl-NL","potentialAction":[{"@type":"ReadAction","target":["https:\/\/interregv.deutschland-nederland.eu\/nl\/comitevantoezicht\/"]}]},{"@type":"BreadcrumbList","@id":"https:\/\/interregv.deutschland-nederland.eu\/nl\/comitevantoezicht\/#breadcrumb","itemListElement":[{"@type":"ListItem","position":1,"name":"Home","item":"https:\/\/interregv.deutschland-nederland.eu\/nl\/"},{"@type":"ListItem","position":2,"name":"Comit\u00e9 van Toezicht"}]},{"@type":"WebSite","@id":"https:\/\/interregv.deutschland-nederland.eu\/nl\/#website","url":"https:\/\/interregv.deutschland-nederland.eu\/nl\/","name":"INTERREG","description":"Deutschland-Nederland","potentialAction":[{"@type":"SearchAction","target":{"@type":"EntryPoint","urlTemplate":"https:\/\/interregv.deutschland-nederland.eu\/nl\/?s={search_term_string}"},"query-input":"required name=search_term_string"}],"inLanguage":"nl-NL"}]}},"_links":{"self":[{"href":"https:\/\/interregv.deutschland-nederland.eu\/nl\/wp-json\/wp\/v2\/pages\/5764"}],"collection":[{"href":"https:\/\/interregv.deutschland-nederland.eu\/nl\/wp-json\/wp\/v2\/pages"}],"about":[{"href":"https:\/\/interregv.deutschland-nederland.eu\/nl\/wp-json\/wp\/v2\/types\/page"}],"author":[{"embeddable":true,"href":"https:\/\/interregv.deutschland-nederland.eu\/nl\/wp-json\/wp\/v2\/users\/3"}],"replies":[{"embeddable":true,"href":"https:\/\/interregv.deutschland-nederland.eu\/nl\/wp-json\/wp\/v2\/comments?post=5764"}],"version-history":[{"count":26,"href":"https:\/\/interregv.deutschland-nederland.eu\/nl\/wp-json\/wp\/v2\/pages\/5764\/revisions"}],"predecessor-version":[{"id":29282,"href":"https:\/\/interregv.deutschland-nederland.eu\/nl\/wp-json\/wp\/v2\/pages\/5764\/revisions\/29282"}],"wp:featuredmedia":[{"embeddable":true,"href":"https:\/\/interregv.deutschland-nederland.eu\/nl\/wp-json\/wp\/v2\/media\/26695"}],"wp:attachment":[{"href":"https:\/\/interregv.deutschland-nederland.eu\/nl\/wp-json\/wp\/v2\/media?parent=5764"}],"curies":[{"name":"wp","href":"https:\/\/api.w.org\/{rel}","templated":true}]}}